{"id":3,"date":"2022-10-13T08:38:33","date_gmt":"2022-10-13T06:38:33","guid":{"rendered":"https:\/\/sktperfectdemo.com\/themepack\/sktinfotech\/?page_id=3"},"modified":"2026-03-24T23:13:54","modified_gmt":"2026-03-24T22:13:54","slug":"politica-de-privacitat","status":"publish","type":"page","link":"https:\/\/restaurantgolfbeach.com\/es\/politica-de-privacitat\/","title":{"rendered":"Pol\u00edtica de privacidad"},"content":{"rendered":"<p style=\"text-align: justify;\" class=\"translation-block\"><strong>Mirela Panica<\/strong> se compromete a proteger la privacidad de los usuarios que accedan a esta web y\/o cualquiera de sus servicios.<\/p>\n<p style=\"text-align: justify;\" class=\"translation-block\">La utilizaci\u00f3n de la web y\/o de cualquiera de los servicios ofrecidos por <strong>Mirela Panica<\/strong>, implica la aceptaci\u00f3n por el usuario de las disposiciones contenidas en la presente Pol\u00edtica de Privacidad y que sus datos personales sean tratados seg\u00fan se estipula en ella.<\/p>\n<p style=\"text-align: justify;\" class=\"translation-block\">Hay que tener en cuenta que aunque puedan existir enlaces de nuestra web a otras webs, esta Pol\u00edtica de Privacidad no se aplica a las webs de otras compa\u00f1\u00edas u organizaciones a las que la web est\u00e9 redirigida.<strong>Mirela Panica<\/strong> no controla el contenido de las webs de terceros ni acepta cualquier responsabilidad por el contenido o las pol\u00edticas de privacidad de estas webs.<\/p>\n<h4 style=\"text-align: center;\">Informaci\u00f3n b\u00e1sica sobre el tratamiento de datos (Reglamento (UE) 2016\/679)<\/h4>\n<table style=\"width: 100%; border-collapse: collapse; border-style: solid; border-color: #e1e2e3; background-color: #f1f2f3;\" border=\"1\" cellpadding=\"1\">\n<tbody>\n<tr>\n<td style=\"width: 32.5228%;\"><span style=\"font-size: 9pt;\"><strong>Responsable del tratamiento<\/strong><\/span><\/td>\n<td style=\"width: 67.4037%;\"><span style=\"font-size: 9pt;\"><strong>Mirela Panica<br \/>\n<\/strong>N.I.F. X7066712P<br \/>\n<\/span><span style=\"font-size: 9pt;\">Avinguda Mediterr\u00e0nia, 344. 17256 Pals (Girona)<\/span><span style=\"font-size: 9pt;\"><br \/>\n<a href=\"mailto:info@restaurantgolfbeach.com\">info@restaurantgolfbeach.com<\/a><\/span><\/td>\n<\/tr>\n<tr>\n<td style=\"width: 32.5228%;\"><strong><span style=\"font-size: 9pt;\">Finalidad del tratamiento<\/span><\/strong><\/td>\n<td style=\"width: 67.4037%;\"><span style=\"font-size: 9pt;\">Ofrecer y gestionar nuestros servicios.<\/span><\/td>\n<\/tr>\n<tr>\n<td style=\"width: 32.5228%;\"><span style=\"font-size: 9pt;\"><strong>Legitimaci\u00f3n<\/strong><\/span><\/td>\n<td style=\"width: 67.4037%;\"><span style=\"font-size: 9pt;\">Consentimiento obtenido del interesado. <\/span><span style=\"font-size: 9pt;\">Ejecuci\u00f3n del contrato de servicios.<\/span><\/td>\n<\/tr>\n<tr>\n<td style=\"width: 32.5228%;\"><span style=\"font-size: 9pt;\"><strong>Destinatarios<\/strong><\/span><\/td>\n<td style=\"width: 67.4037%; text-align: justify;\"><span style=\"font-size: 9pt;\">Los datos no ser\u00e1n comunicados a terceros, salvo que lo exija una ley o sea necesario para cumplir con la finalidad del tratamiento.<\/span><\/td>\n<\/tr>\n<tr>\n<td style=\"width: 32.5228%;\"><span style=\"font-size: 9pt;\"><strong>Derechos de los usuarios<\/strong><\/span><\/td>\n<td style=\"width: 67.4037%; text-align: justify;\"><span style=\"font-size: 9pt;\">Los interesados \u200b\u200btienen derecho a ejercer los derechos de acceso, rectificaci\u00f3n, limitaci\u00f3n de tratamiento, supresi\u00f3n, portabilidad y oposici\u00f3n, enviando su solicitud a nuestra direcci\u00f3n.<\/span><\/td>\n<\/tr>\n<tr>\n<td style=\"width: 32.5228%;\"><span style=\"font-size: 9pt;\"><strong>Plazo de conservaci\u00f3n de los datos<\/strong><\/span><\/td>\n<td style=\"width: 67.4037%; text-align: justify;\"><span style=\"font-size: 9pt;\">Mientras se mantenga la relaci\u00f3n comercial o durante los a\u00f1os necesarios para cumplir con sus obligaciones legales.<\/span><\/td>\n<\/tr>\n<tr>\n<td style=\"width: 32.5228%;\"><span style=\"font-size: 9pt;\"><strong>Reclamaci\u00f3n<\/strong><\/span><\/td>\n<td style=\"width: 67.4037%; text-align: justify;\"><span style=\"font-size: 9pt;\">Los interesados \u200b\u200bpueden dirigirse a la AEPD para presentar la reclamaci\u00f3n que considere oportuna.<\/span><\/td>\n<\/tr>\n<tr>\n<td style=\"width: 32.5228%;\"><span style=\"font-size: 9pt;\"><strong>Informaci\u00f3n adicional<\/strong><\/span><\/td>\n<td style=\"width: 67.4037%; text-align: justify;\"><span style=\"font-size: 9pt;\">Puede consultar la informaci\u00f3n adicional y detallada a continuaci\u00f3n en las \u201cCuestiones sobre privacidad\u201d.<\/span><\/td>\n<\/tr>\n<\/tbody>\n<\/table>\n<h3 style=\"text-align: center;\">Cuestiones sobre privacidad<\/h3>\n<p style=\"text-align: justify;\">En cumplimiento del Reglamento (UE) 2016\/679 del Parlamento Europeo y del Consejo, de 27 de abril de 2016, (RGPD), le ofrecemos la siguiente informaci\u00f3n sobre el tratamiento de sus datos personales:<\/p>\n<h4>\u00bfQui\u00e9n es el responsable del tratamiento de sus datos?<\/h4>\n<p>Identidad:\u00a0<strong>Mirela Panica<\/strong><br \/>\nNIF: <strong>X7066712P<br \/>\n<\/strong>Direcci\u00f3n: <strong>Avinguda Mediterr\u00e0nia, 344. 17256 Pals (Girona)<br \/>\n<\/strong>Tel\u00e9fono: <strong>972 636 927<\/strong><br \/>\nCorreo electr\u00f3nico<strong>:<\/strong> <a href=\"mailto:info@restaurantgolfbeach.com\"><strong>info@restaurantgolfbeach.com<\/strong><\/a><\/p>\n<h4>\u00bfCon qu\u00e9 finalidad tratamos sus datos personales?<\/h4>\n<ul>\n<li style=\"text-align: justify;\">Tratamos la informaci\u00f3n que se nos facilita para gestionar nuestros servicios.<\/li>\n<li style=\"text-align: justify;\">En caso de que se ponga en contacto con nosotros mediante el formulario de contacto de nuestra p\u00e1gina web, las trataremos para gestionar su consulta.<\/li>\n<li style=\"text-align: justify;\">Si nos da su consentimiento, tambi\u00e9n podremos tratar sus datos para enviarle informaci\u00f3n sobre nuestras actividades, productos o servicios.<\/li>\n<\/ul>\n<h4>\u00bfPor cu\u00e1nto tiempo conservaremos sus datos?<\/h4>\n<ul>\n<li style=\"text-align: justify;\">Los datos personales proporcionados se conservar\u00e1n mientras sea usuario de nuestros servicios o quiera recibir informaci\u00f3n, y despu\u00e9s, durante los plazos establecidos para cumplir con nuestras obligaciones legales.<\/li>\n<\/ul>\n<h4>\u00bfCu\u00e1l es la legitimaci\u00f3n para el tratamiento de sus datos?<\/h4>\n<p style=\"text-align: justify;\">La legitimaci\u00f3n para su tratamiento se encuentra en la ejecuci\u00f3n del contrato de servicios y en los consentimientos que nos da.<\/p>\n<p style=\"text-align: justify;\">Respecto a aquella informaci\u00f3n que sea remitida por menores de 16 a\u00f1os, ser\u00e1 requisito imprescindible que se haga con el consentimiento paterno, tutor o legal representante del menor para que los datos personales puedan ser objeto de tratamiento. Si no es as\u00ed, el representante legal del menor debe comunicarlo tan pronto como tenga conocimiento.<\/p>\n<h4>\u00bfA qu\u00e9 destinatarios se comunicar\u00e1n sus datos?<\/h4>\n<p style=\"text-align: justify;\">Los datos no ser\u00e1n comunicados a terceros, salvo que lo exija una ley o sea necesario para cumplir con la finalidad del tratamiento.<\/p>\n<h4>\u00bfCu\u00e1les son sus derechos cuando nos facilita sus datos?<\/h4>\n<ul>\n<li style=\"text-align: justify;\">Cualquier persona tiene derecho a obtener confirmaci\u00f3n sobre si estamos tratando o no sus datos personales.<\/li>\n<li style=\"text-align: justify;\">Las personas interesadas tienen derecho a acceder a sus datos personales, as\u00ed como a solicitar la rectificaci\u00f3n de los datos inexactos o, en su caso, solicitar su supresi\u00f3n cuando, entre otros motivos, los datos ya no sean necesarios para los fines para los que se recogieron.<\/li>\n<li style=\"text-align: justify;\">En determinadas circunstancias los interesados \u200b\u200bpodr\u00e1n solicitar la limitaci\u00f3n del tratamiento de sus datos, en cuyo caso \u00fanicamente los conservaremos para el ejercicio o la defensa de reclamaciones.<\/li>\n<li style=\"text-align: justify;\">Tambi\u00e9n, en determinadas circunstancias y por motivos relacionados con su situaci\u00f3n particular, los interesados \u200b\u200bpueden oponerse al tratamiento de sus datos. En este caso dejaremos de tratarlas, salvo por motivos leg\u00edtimos imperiosos o para el ejercicio o defensa de posibles reclamaciones.<\/li>\n<li style=\"text-align: justify;\">Los interesados \u200b\u200btambi\u00e9n tendr\u00e1n derecho a la portabilidad de sus datos.<\/li>\n<li style=\"text-align: justify;\">Por \u00faltimo, los interesados \u200b\u200btienen derecho a presentar una reclamaci\u00f3n ante la Autoridad de Control competente.<\/li>\n<\/ul>\n<h4>\u00bfC\u00f3mo puede ejercer sus derechos?<\/h4>\n<p style=\"text-align: justify;\">Envi\u00e1ndonos un escrito adjuntando una copia de un documento que lo identifique, en nuestra direcci\u00f3n f\u00edsica o en la electr\u00f3nica.<\/p>\n<h4>\u00bfC\u00f3mo hemos obtenido sus datos?<\/h4>\n<p style=\"text-align: justify;\">Los datos personales que tratamos proceden del propio interesado, quien garantiza que los datos personales facilitados son ciertos y se hace responsable de comunicar cualquier modificaci\u00f3n. Los datos que est\u00e9n marcados con un asterisco son obligatorios para poder darle el servicio solicitado.<\/p>\n<h4>\u00bfQu\u00e9 datos tratamos?<\/h4>\n<p>Las categor\u00edas de datos que podemos tratar son:<\/p>\n<ul>\n<li>Datos de car\u00e1cter identificativo.<\/li>\n<li>Direcciones postales o electr\u00f3nicas.<\/li>\n<\/ul>\n<p style=\"text-align: justify;\">Los datos son limitados, dado que \u00fanicamente tratamos los datos necesarios para la prestaci\u00f3n de nuestros servicios y la gesti\u00f3n de nuestra actividad.<\/p>\n<h4>\u00bfUtilizamos cookies?<\/h4>\n<p>Utilizamos cookies durante la navegaci\u00f3n en nuestra web con el consentimiento del usuario.<\/p>\n<p style=\"text-align: justify;\">El usuario puede configurar su navegador para que le avise de la utilizaci\u00f3n de cookies y para evitar su uso. Por favor, visite nuestra <a href=\"https:\/\/restaurantgolfbeach.com\/es\/politica-de-cookies\/\"><strong>pol\u00edtica de cookies<\/strong><\/a>.<\/p>\n<h4>\u00bfQu\u00e9 medidas de seguridad aplicamos?<\/h4>\n<p style=\"text-align: justify;\">Aplicamos las medidas de seguridad establecidas en el art\u00edculo 32 del RGPD, por tanto hemos adoptado las medidas de seguridad necesarias para garantizar un nivel de seguridad adecuado al riesgo del tratamiento de datos que realizamos, con mecanismos que nos permitan garantizar la confidencialidad, integridad, disponibilidad y resiliencia permanente de los sistemas y servicios de tratamiento.<\/p>\n<p style=\"text-align: justify;\">Algunas de estas medidas son:<\/p>\n<ul>\n<li>Informaci\u00f3n de las pol\u00edticas de tratamiento de datos al personal.<\/li>\n<li>Realizaci\u00f3n de copias de seguridad peri\u00f3dicas.<\/li>\n<li>Control de acceso a los datos.<\/li>\n<li>Procesos de verificaci\u00f3n, evaluaci\u00f3n y valoraci\u00f3n regulares.<\/li>\n<\/ul>","protected":false},"excerpt":{"rendered":"<p>Mirela Panica\u00a0es compromet a protegir la privacitat dels usuaris que accedeixin a aquesta web i\/o qualsevol dels seus serveis. La utilitzaci\u00f3 de la web i\/o de qualsevol dels serveis oferts per Mirela Panica, implica l&#8217;acceptaci\u00f3 per l&#8217;usuari de les disposicions contingudes en la present Pol\u00edtica de Privacitat i que les seves dades personals siguin tractades<br \/><a class=\"moretag\" href=\"https:\/\/restaurantgolfbeach.com\/es\/politica-de-privacitat\/\">+ Read More<\/a><\/p>","protected":false},"author":4,"featured_media":1218,"parent":0,"menu_order":0,"comment_status":"closed","ping_status":"closed","template":"templates\/page-fullwidth_template.php","meta":{"footnotes":""},"class_list":["post-3","page","type-page","status-publish","has-post-thumbnail","hentry"],"yoast_head":"<!-- This site is optimized with the Yoast SEO plugin v27.3 - https:\/\/yoast.com\/product\/yoast-seo-wordpress\/ -->\n<title>Pol\u00edtica de privacitat - Golf Beach | Restaurant &amp; Cafeteria<\/title>\n<meta name=\"robots\" content=\"index, follow, max-snippet:-1, max-image-preview:large, max-video-preview:-1\" \/>\n<link rel=\"canonical\" href=\"https:\/\/restaurantgolfbeach.com\/es\/politica-de-privacitat\/\" \/>\n<meta property=\"og:locale\" content=\"es_ES\" \/>\n<meta property=\"og:type\" content=\"article\" \/>\n<meta property=\"og:title\" content=\"Pol\u00edtica de privacitat - Golf Beach | Restaurant &amp; Cafeteria\" \/>\n<meta property=\"og:description\" content=\"Mirela Panica\u00a0es compromet a protegir la privacitat dels usuaris que accedeixin a aquesta web i\/o qualsevol dels seus serveis. La utilitzaci\u00f3 de la web i\/o de qualsevol dels serveis oferts per Mirela Panica, implica l&#8217;acceptaci\u00f3 per l&#8217;usuari de les disposicions contingudes en la present Pol\u00edtica de Privacitat i que les seves dades personals siguin tractades+ Read More\" \/>\n<meta property=\"og:url\" content=\"https:\/\/restaurantgolfbeach.com\/es\/politica-de-privacitat\/\" \/>\n<meta property=\"og:site_name\" content=\"Golf Beach | Restaurant &amp; Cafeteria\" \/>\n<meta property=\"article:modified_time\" content=\"2026-03-24T22:13:54+00:00\" \/>\n<meta property=\"og:image\" content=\"https:\/\/restaurantgolfbeach.com\/wp-content\/uploads\/2023\/06\/Golf-Beach-Restaurant-Pals-Textos-legals-Header.jpg\" \/>\n\t<meta property=\"og:image:width\" content=\"1400\" \/>\n\t<meta property=\"og:image:height\" content=\"340\" \/>\n\t<meta property=\"og:image:type\" content=\"image\/jpeg\" \/>\n<meta name=\"twitter:card\" content=\"summary_large_image\" \/>\n<meta name=\"twitter:label1\" content=\"Tiempo de lectura\" \/>\n\t<meta name=\"twitter:data1\" content=\"6 minutos\" \/>\n<script type=\"application\/ld+json\" class=\"yoast-schema-graph\">{\"@context\":\"https:\\\/\\\/schema.org\",\"@graph\":[{\"@type\":\"WebPage\",\"@id\":\"https:\\\/\\\/restaurantgolfbeach.com\\\/politica-de-privacitat\\\/\",\"url\":\"https:\\\/\\\/restaurantgolfbeach.com\\\/politica-de-privacitat\\\/\",\"name\":\"Pol\u00edtica de privacitat - Golf Beach | Restaurant &amp; Cafeteria\",\"isPartOf\":{\"@id\":\"https:\\\/\\\/restaurantgolfbeach.com\\\/#website\"},\"primaryImageOfPage\":{\"@id\":\"https:\\\/\\\/restaurantgolfbeach.com\\\/politica-de-privacitat\\\/#primaryimage\"},\"image\":{\"@id\":\"https:\\\/\\\/restaurantgolfbeach.com\\\/politica-de-privacitat\\\/#primaryimage\"},\"thumbnailUrl\":\"https:\\\/\\\/restaurantgolfbeach.com\\\/wp-content\\\/uploads\\\/2023\\\/06\\\/Golf-Beach-Restaurant-Pals-Textos-legals-Header.jpg\",\"datePublished\":\"2022-10-13T06:38:33+00:00\",\"dateModified\":\"2026-03-24T22:13:54+00:00\",\"breadcrumb\":{\"@id\":\"https:\\\/\\\/restaurantgolfbeach.com\\\/politica-de-privacitat\\\/#breadcrumb\"},\"inLanguage\":\"es\",\"potentialAction\":[{\"@type\":\"ReadAction\",\"target\":[\"https:\\\/\\\/restaurantgolfbeach.com\\\/politica-de-privacitat\\\/\"]}]},{\"@type\":\"ImageObject\",\"inLanguage\":\"es\",\"@id\":\"https:\\\/\\\/restaurantgolfbeach.com\\\/politica-de-privacitat\\\/#primaryimage\",\"url\":\"https:\\\/\\\/restaurantgolfbeach.com\\\/wp-content\\\/uploads\\\/2023\\\/06\\\/Golf-Beach-Restaurant-Pals-Textos-legals-Header.jpg\",\"contentUrl\":\"https:\\\/\\\/restaurantgolfbeach.com\\\/wp-content\\\/uploads\\\/2023\\\/06\\\/Golf-Beach-Restaurant-Pals-Textos-legals-Header.jpg\",\"width\":1400,\"height\":340,\"caption\":\"Golf Beach Restaurant - Pals - Textos legals\"},{\"@type\":\"BreadcrumbList\",\"@id\":\"https:\\\/\\\/restaurantgolfbeach.com\\\/politica-de-privacitat\\\/#breadcrumb\",\"itemListElement\":[{\"@type\":\"ListItem\",\"position\":1,\"name\":\"Home\",\"item\":\"https:\\\/\\\/restaurantgolfbeach.com\\\/\"},{\"@type\":\"ListItem\",\"position\":2,\"name\":\"Pol\u00edtica de privacitat\"}]},{\"@type\":\"WebSite\",\"@id\":\"https:\\\/\\\/restaurantgolfbeach.com\\\/#website\",\"url\":\"https:\\\/\\\/restaurantgolfbeach.com\\\/\",\"name\":\"Golf Beach | Restaurant &amp; Cafeteria\",\"description\":\"Tradici\u00f3 i reinterpretaci\u00f3\",\"potentialAction\":[{\"@type\":\"SearchAction\",\"target\":{\"@type\":\"EntryPoint\",\"urlTemplate\":\"https:\\\/\\\/restaurantgolfbeach.com\\\/?s={search_term_string}\"},\"query-input\":{\"@type\":\"PropertyValueSpecification\",\"valueRequired\":true,\"valueName\":\"search_term_string\"}}],\"inLanguage\":\"es\"}]}<\/script>\n<!-- \/ Yoast SEO plugin. -->","yoast_head_json":{"title":"Pol\u00edtica de privacitat - Golf Beach | Restaurant &amp; Cafeteria","robots":{"index":"index","follow":"follow","max-snippet":"max-snippet:-1","max-image-preview":"max-image-preview:large","max-video-preview":"max-video-preview:-1"},"canonical":"https:\/\/restaurantgolfbeach.com\/es\/politica-de-privacitat\/","og_locale":"es_ES","og_type":"article","og_title":"Pol\u00edtica de privacitat - Golf Beach | Restaurant &amp; Cafeteria","og_description":"Mirela Panica\u00a0es compromet a protegir la privacitat dels usuaris que accedeixin a aquesta web i\/o qualsevol dels seus serveis. La utilitzaci\u00f3 de la web i\/o de qualsevol dels serveis oferts per Mirela Panica, implica l&#8217;acceptaci\u00f3 per l&#8217;usuari de les disposicions contingudes en la present Pol\u00edtica de Privacitat i que les seves dades personals siguin tractades+ Read More","og_url":"https:\/\/restaurantgolfbeach.com\/es\/politica-de-privacitat\/","og_site_name":"Golf Beach | Restaurant &amp; Cafeteria","article_modified_time":"2026-03-24T22:13:54+00:00","og_image":[{"width":1400,"height":340,"url":"https:\/\/restaurantgolfbeach.com\/wp-content\/uploads\/2023\/06\/Golf-Beach-Restaurant-Pals-Textos-legals-Header.jpg","type":"image\/jpeg"}],"twitter_card":"summary_large_image","twitter_misc":{"Tiempo de lectura":"6 minutos"},"schema":{"@context":"https:\/\/schema.org","@graph":[{"@type":"WebPage","@id":"https:\/\/restaurantgolfbeach.com\/politica-de-privacitat\/","url":"https:\/\/restaurantgolfbeach.com\/politica-de-privacitat\/","name":"Pol\u00edtica de privacitat - Golf Beach | Restaurant &amp; Cafeteria","isPartOf":{"@id":"https:\/\/restaurantgolfbeach.com\/#website"},"primaryImageOfPage":{"@id":"https:\/\/restaurantgolfbeach.com\/politica-de-privacitat\/#primaryimage"},"image":{"@id":"https:\/\/restaurantgolfbeach.com\/politica-de-privacitat\/#primaryimage"},"thumbnailUrl":"https:\/\/restaurantgolfbeach.com\/wp-content\/uploads\/2023\/06\/Golf-Beach-Restaurant-Pals-Textos-legals-Header.jpg","datePublished":"2022-10-13T06:38:33+00:00","dateModified":"2026-03-24T22:13:54+00:00","breadcrumb":{"@id":"https:\/\/restaurantgolfbeach.com\/politica-de-privacitat\/#breadcrumb"},"inLanguage":"es","potentialAction":[{"@type":"ReadAction","target":["https:\/\/restaurantgolfbeach.com\/politica-de-privacitat\/"]}]},{"@type":"ImageObject","inLanguage":"es","@id":"https:\/\/restaurantgolfbeach.com\/politica-de-privacitat\/#primaryimage","url":"https:\/\/restaurantgolfbeach.com\/wp-content\/uploads\/2023\/06\/Golf-Beach-Restaurant-Pals-Textos-legals-Header.jpg","contentUrl":"https:\/\/restaurantgolfbeach.com\/wp-content\/uploads\/2023\/06\/Golf-Beach-Restaurant-Pals-Textos-legals-Header.jpg","width":1400,"height":340,"caption":"Golf Beach Restaurant - Pals - Textos legals"},{"@type":"BreadcrumbList","@id":"https:\/\/restaurantgolfbeach.com\/politica-de-privacitat\/#breadcrumb","itemListElement":[{"@type":"ListItem","position":1,"name":"Home","item":"https:\/\/restaurantgolfbeach.com\/"},{"@type":"ListItem","position":2,"name":"Pol\u00edtica de privacitat"}]},{"@type":"WebSite","@id":"https:\/\/restaurantgolfbeach.com\/#website","url":"https:\/\/restaurantgolfbeach.com\/","name":"Golf Beach | Restaurant &amp; Cafeteria","description":"Tradici\u00f3 i reinterpretaci\u00f3","potentialAction":[{"@type":"SearchAction","target":{"@type":"EntryPoint","urlTemplate":"https:\/\/restaurantgolfbeach.com\/?s={search_term_string}"},"query-input":{"@type":"PropertyValueSpecification","valueRequired":true,"valueName":"search_term_string"}}],"inLanguage":"es"}]}},"_links":{"self":[{"href":"https:\/\/restaurantgolfbeach.com\/es\/wp-json\/wp\/v2\/pages\/3","targetHints":{"allow":["GET"]}}],"collection":[{"href":"https:\/\/restaurantgolfbeach.com\/es\/wp-json\/wp\/v2\/pages"}],"about":[{"href":"https:\/\/restaurantgolfbeach.com\/es\/wp-json\/wp\/v2\/types\/page"}],"author":[{"embeddable":true,"href":"https:\/\/restaurantgolfbeach.com\/es\/wp-json\/wp\/v2\/users\/4"}],"replies":[{"embeddable":true,"href":"https:\/\/restaurantgolfbeach.com\/es\/wp-json\/wp\/v2\/comments?post=3"}],"version-history":[{"count":0,"href":"https:\/\/restaurantgolfbeach.com\/es\/wp-json\/wp\/v2\/pages\/3\/revisions"}],"wp:featuredmedia":[{"embeddable":true,"href":"https:\/\/restaurantgolfbeach.com\/es\/wp-json\/wp\/v2\/media\/1218"}],"wp:attachment":[{"href":"https:\/\/restaurantgolfbeach.com\/es\/wp-json\/wp\/v2\/media?parent=3"}],"curies":[{"name":"wp","href":"https:\/\/api.w.org\/{rel}","templated":true}]}}