{"id":579,"date":"2023-05-25T21:23:22","date_gmt":"2023-05-25T19:23:22","guid":{"rendered":"https:\/\/restaurantgolfbeach.com\/?page_id=579"},"modified":"2026-04-08T14:52:20","modified_gmt":"2026-04-08T12:52:20","slug":"promocions","status":"publish","type":"page","link":"https:\/\/restaurantgolfbeach.com\/es\/promocions\/","title":{"rendered":"Promociones"},"content":{"rendered":"<div data-elementor-type=\"wp-page\" data-elementor-id=\"579\" class=\"elementor elementor-579\" data-elementor-post-type=\"page\">\n\t\t\t\t\t\t<section class=\"elementor-section elementor-top-section elementor-element elementor-element-5183ad3 elementor-section-full_width elementor-section-height-default elementor-section-height-default\" data-id=\"5183ad3\" data-element_type=\"section\" data-e-type=\"section\">\n\t\t\t\t\t\t<div class=\"elementor-container elementor-column-gap-no\">\n\t\t\t\t\t<div class=\"elementor-column elementor-col-100 elementor-top-column elementor-element elementor-element-ba287ae\" data-id=\"ba287ae\" data-element_type=\"column\" data-e-type=\"column\">\n\t\t\t<div class=\"elementor-widget-wrap elementor-element-populated\">\n\t\t\t\t\t\t<section class=\"elementor-section elementor-inner-section elementor-element elementor-element-d05a5d3 elementor-section-boxed elementor-section-height-default elementor-section-height-default\" data-id=\"d05a5d3\" data-element_type=\"section\" data-e-type=\"section\">\n\t\t\t\t\t\t<div class=\"elementor-container elementor-column-gap-default\">\n\t\t\t\t\t<div class=\"elementor-column elementor-col-33 elementor-inner-column elementor-element elementor-element-0a79d93\" data-id=\"0a79d93\" data-element_type=\"column\" data-e-type=\"column\">\n\t\t\t<div class=\"elementor-widget-wrap elementor-element-populated\">\n\t\t\t\t\t\t<div class=\"elementor-element elementor-element-ed939dd elementor-widget elementor-widget-image\" data-id=\"ed939dd\" data-element_type=\"widget\" data-e-type=\"widget\" data-widget_type=\"image.default\">\n\t\t\t\t<div class=\"elementor-widget-container\">\n\t\t\t\t\t\t\t\t\t\t\t\t<figure class=\"wp-caption\">\n\t\t\t\t\t\t\t\t\t\t<img fetchpriority=\"high\" decoding=\"async\" width=\"700\" height=\"600\" src=\"https:\/\/restaurantgolfbeach.com\/wp-content\/uploads\/2023\/06\/Golf-Beach-Restaurant-Cafeteria-Pals-Promocions-Pollastre-a-lAst-Barra-gelat.jpg\" class=\"attachment-full size-full wp-image-1441\" alt=\"Golf Beach - Restaurante &amp; Cafeter\u00eda - Pals - Promociones - Pollo al Ast + Barra helado\" srcset=\"https:\/\/restaurantgolfbeach.com\/wp-content\/uploads\/2023\/06\/Golf-Beach-Restaurant-Cafeteria-Pals-Promocions-Pollastre-a-lAst-Barra-gelat.jpg 700w, https:\/\/restaurantgolfbeach.com\/wp-content\/uploads\/2023\/06\/Golf-Beach-Restaurant-Cafeteria-Pals-Promocions-Pollastre-a-lAst-Barra-gelat-300x257.jpg 300w\" sizes=\"(max-width: 700px) 100vw, 700px\" \/>\t\t\t\t\t\t\t\t\t\t\t<figcaption class=\"widget-image-caption wp-caption-text\">Pollo al ast<br>+ Barra Helado<h2>17,50\u20ac<\/h2><\/figcaption>\n\t\t\t\t\t\t\t\t\t\t<\/figure>\n\t\t\t\t\t\t\t\t\t<\/div>\n\t\t\t\t<\/div>\n\t\t\t\t\t<\/div>\n\t\t<\/div>\n\t\t\t\t<div class=\"elementor-column elementor-col-33 elementor-inner-column elementor-element elementor-element-6cefde6\" data-id=\"6cefde6\" data-element_type=\"column\" data-e-type=\"column\">\n\t\t\t<div class=\"elementor-widget-wrap elementor-element-populated\">\n\t\t\t\t\t\t<div class=\"elementor-element elementor-element-6bc4525 elementor-widget elementor-widget-image\" data-id=\"6bc4525\" data-element_type=\"widget\" data-e-type=\"widget\" data-widget_type=\"image.default\">\n\t\t\t\t<div class=\"elementor-widget-container\">\n\t\t\t\t\t\t\t\t\t\t\t\t<figure class=\"wp-caption\">\n\t\t\t\t\t\t\t\t\t\t<img decoding=\"async\" width=\"700\" height=\"600\" src=\"https:\/\/restaurantgolfbeach.com\/wp-content\/uploads\/2023\/07\/Golf-Beach-Restaurant-Cafeteria-Pals-Promocions-Pollastre-a-lAst-Ampolla-vi-o-Cava.jpg\" class=\"attachment-full size-full wp-image-1736\" alt=\"Golf Beach - Restaurant &amp; Cafeter\u00eda - Pals - Promociones - Pollo al Ast + Botella vino o Cava\" srcset=\"https:\/\/restaurantgolfbeach.com\/wp-content\/uploads\/2023\/07\/Golf-Beach-Restaurant-Cafeteria-Pals-Promocions-Pollastre-a-lAst-Ampolla-vi-o-Cava.jpg 700w, https:\/\/restaurantgolfbeach.com\/wp-content\/uploads\/2023\/07\/Golf-Beach-Restaurant-Cafeteria-Pals-Promocions-Pollastre-a-lAst-Ampolla-vi-o-Cava-300x257.jpg 300w\" sizes=\"(max-width: 700px) 100vw, 700px\" \/>\t\t\t\t\t\t\t\t\t\t\t<figcaption class=\"widget-image-caption wp-caption-text\">Pollo al ast<br> +1 Bebida a escoger<h2>16,95\u20ac<\/h2><\/figcaption>\n\t\t\t\t\t\t\t\t\t\t<\/figure>\n\t\t\t\t\t\t\t\t\t<\/div>\n\t\t\t\t<\/div>\n\t\t\t\t\t<\/div>\n\t\t<\/div>\n\t\t\t\t<div class=\"elementor-column elementor-col-33 elementor-inner-column elementor-element elementor-element-3bb2947\" data-id=\"3bb2947\" data-element_type=\"column\" data-e-type=\"column\">\n\t\t\t<div class=\"elementor-widget-wrap elementor-element-populated\">\n\t\t\t\t\t\t<div class=\"elementor-element elementor-element-e378390 elementor-widget elementor-widget-image\" data-id=\"e378390\" data-element_type=\"widget\" data-e-type=\"widget\" data-widget_type=\"image.default\">\n\t\t\t\t<div class=\"elementor-widget-container\">\n\t\t\t\t\t\t\t\t\t\t\t\t<figure class=\"wp-caption\">\n\t\t\t\t\t\t\t\t\t\t<img decoding=\"async\" width=\"700\" height=\"600\" src=\"https:\/\/restaurantgolfbeach.com\/wp-content\/uploads\/2023\/07\/Golf-Beach-Restaurant-Cafeteria-Pals-Promocions-Pollastre-a-lAst-Refresc-2-litres-a-escollir.jpg\" class=\"attachment-full size-full wp-image-1752\" alt=\"Golf Beach - Restaurante &amp; Cafeter\u00eda - Pals - Promociones - Pollo al Ast + Refresco 2 litros a escoger\" srcset=\"https:\/\/restaurantgolfbeach.com\/wp-content\/uploads\/2023\/07\/Golf-Beach-Restaurant-Cafeteria-Pals-Promocions-Pollastre-a-lAst-Refresc-2-litres-a-escollir.jpg 700w, https:\/\/restaurantgolfbeach.com\/wp-content\/uploads\/2023\/07\/Golf-Beach-Restaurant-Cafeteria-Pals-Promocions-Pollastre-a-lAst-Refresc-2-litres-a-escollir-300x257.jpg 300w\" sizes=\"(max-width: 700px) 100vw, 700px\" \/>\t\t\t\t\t\t\t\t\t\t\t<figcaption class=\"widget-image-caption wp-caption-text\">Pollo al ast<br> + 1 Refresco 2L a escoger<h2>14,95\u20ac<\/h2><\/figcaption>\n\t\t\t\t\t\t\t\t\t\t<\/figure>\n\t\t\t\t\t\t\t\t\t<\/div>\n\t\t\t\t<\/div>\n\t\t\t\t\t<\/div>\n\t\t<\/div>\n\t\t\t\t\t<\/div>\n\t\t<\/section>\n\t\t\t\t\t<\/div>\n\t\t<\/div>\n\t\t\t\t\t<\/div>\n\t\t<\/section>\n\t\t\t\t<section class=\"elementor-section elementor-top-section elementor-element elementor-element-ef679fe elementor-section-full_width elementor-section-height-default elementor-section-height-default\" data-id=\"ef679fe\" data-element_type=\"section\" data-e-type=\"section\">\n\t\t\t\t\t\t<div class=\"elementor-container elementor-column-gap-no\">\n\t\t\t\t\t<div class=\"elementor-column elementor-col-100 elementor-top-column elementor-element elementor-element-515a397\" data-id=\"515a397\" data-element_type=\"column\" data-e-type=\"column\">\n\t\t\t<div class=\"elementor-widget-wrap elementor-element-populated\">\n\t\t\t\t\t\t<section class=\"elementor-section elementor-inner-section elementor-element elementor-element-9157497 elementor-section-boxed elementor-section-height-default elementor-section-height-default\" data-id=\"9157497\" data-element_type=\"section\" data-e-type=\"section\">\n\t\t\t\t\t\t<div class=\"elementor-container elementor-column-gap-default\">\n\t\t\t\t\t<div class=\"elementor-column elementor-col-33 elementor-inner-column elementor-element elementor-element-83ea365\" data-id=\"83ea365\" data-element_type=\"column\" data-e-type=\"column\">\n\t\t\t<div class=\"elementor-widget-wrap elementor-element-populated\">\n\t\t\t\t\t\t<div class=\"elementor-element elementor-element-2f42acc elementor-widget elementor-widget-image\" data-id=\"2f42acc\" data-element_type=\"widget\" data-e-type=\"widget\" data-widget_type=\"image.default\">\n\t\t\t\t<div class=\"elementor-widget-container\">\n\t\t\t\t\t\t\t\t\t\t\t\t<figure class=\"wp-caption\">\n\t\t\t\t\t\t\t\t\t\t<img loading=\"lazy\" decoding=\"async\" width=\"700\" height=\"600\" src=\"https:\/\/restaurantgolfbeach.com\/wp-content\/uploads\/2023\/07\/Golf-Beach-Restaurant-Cafeteria-Pals-Promocions-Paella.jpg\" class=\"attachment-full size-full wp-image-1790\" alt=\"Golf Beach - Restaurante &amp; Cafeter\u00eda - Pals - Promociones - Paella\" srcset=\"https:\/\/restaurantgolfbeach.com\/wp-content\/uploads\/2023\/07\/Golf-Beach-Restaurant-Cafeteria-Pals-Promocions-Paella.jpg 700w, https:\/\/restaurantgolfbeach.com\/wp-content\/uploads\/2023\/07\/Golf-Beach-Restaurant-Cafeteria-Pals-Promocions-Paella-300x257.jpg 300w\" sizes=\"(max-width: 700px) 100vw, 700px\" \/>\t\t\t\t\t\t\t\t\t\t\t<figcaption class=\"widget-image-caption wp-caption-text\">Paella<br><span style=\"font-size: 15pt\">(por encargo)<\/span><br><span style=\"font-size: 22pt\">11,00\u20ac<\/span><span style=\"font-size: 13pt\"> por raci\u00f3n<\/figcaption>\n\t\t\t\t\t\t\t\t\t\t<\/figure>\n\t\t\t\t\t\t\t\t\t<\/div>\n\t\t\t\t<\/div>\n\t\t\t\t\t<\/div>\n\t\t<\/div>\n\t\t\t\t<div class=\"elementor-column elementor-col-33 elementor-inner-column elementor-element elementor-element-203c497\" data-id=\"203c497\" data-element_type=\"column\" data-e-type=\"column\">\n\t\t\t<div class=\"elementor-widget-wrap elementor-element-populated\">\n\t\t\t\t\t\t<div class=\"elementor-element elementor-element-9ef0b75 elementor-widget elementor-widget-image\" data-id=\"9ef0b75\" data-element_type=\"widget\" data-e-type=\"widget\" data-widget_type=\"image.default\">\n\t\t\t\t<div class=\"elementor-widget-container\">\n\t\t\t\t\t\t\t\t\t\t\t\t<figure class=\"wp-caption\">\n\t\t\t\t\t\t\t\t\t\t<img loading=\"lazy\" decoding=\"async\" width=\"700\" height=\"600\" src=\"https:\/\/restaurantgolfbeach.com\/wp-content\/uploads\/2023\/07\/Golf-Beach-Restaurant-Cafeteria-Pals-Promocions-Fideua.jpg\" class=\"attachment-full size-full wp-image-1756\" alt=\"Golf Beach - Restaurante &amp; Cafeter\u00eda - Pals - Promociones - Fideu\u00e1\" srcset=\"https:\/\/restaurantgolfbeach.com\/wp-content\/uploads\/2023\/07\/Golf-Beach-Restaurant-Cafeteria-Pals-Promocions-Fideua.jpg 700w, https:\/\/restaurantgolfbeach.com\/wp-content\/uploads\/2023\/07\/Golf-Beach-Restaurant-Cafeteria-Pals-Promocions-Fideua-300x257.jpg 300w\" sizes=\"(max-width: 700px) 100vw, 700px\" \/>\t\t\t\t\t\t\t\t\t\t\t<figcaption class=\"widget-image-caption wp-caption-text\">Fideu\u00e1<br><span style=\"font-size: 15pt\">(por encargo)<\/span><br><span style=\"font-size: 22pt\">11,00\u20ac<\/span><span style=\"font-size: 13pt\"> por raci\u00f3n<\/figcaption>\n\t\t\t\t\t\t\t\t\t\t<\/figure>\n\t\t\t\t\t\t\t\t\t<\/div>\n\t\t\t\t<\/div>\n\t\t\t\t\t<\/div>\n\t\t<\/div>\n\t\t\t\t<div class=\"elementor-column elementor-col-33 elementor-inner-column elementor-element elementor-element-e2d6cec\" data-id=\"e2d6cec\" data-element_type=\"column\" data-e-type=\"column\">\n\t\t\t<div class=\"elementor-widget-wrap elementor-element-populated\">\n\t\t\t\t\t\t<div class=\"elementor-element elementor-element-a069b31 elementor-widget elementor-widget-image\" data-id=\"a069b31\" data-element_type=\"widget\" data-e-type=\"widget\" data-widget_type=\"image.default\">\n\t\t\t\t<div class=\"elementor-widget-container\">\n\t\t\t\t\t\t\t\t\t\t\t\t<figure class=\"wp-caption\">\n\t\t\t\t\t\t\t\t\t\t<img loading=\"lazy\" decoding=\"async\" width=\"700\" height=\"600\" src=\"https:\/\/restaurantgolfbeach.com\/wp-content\/uploads\/2023\/07\/Golf-Beach-Restaurant-Cafeteria-Pals-Promocions-2-pollastres-2-racions-patates-6-croquetes-Refresc-2-litres.jpg\" class=\"attachment-full size-full wp-image-1797\" alt=\"Golf Beach - Restaurante &amp; Cafeter\u00eda - Pals - Promociones - 2 pollos + 2 raciones patatas + 6 croquetas + Refresco 2 litro\" srcset=\"https:\/\/restaurantgolfbeach.com\/wp-content\/uploads\/2023\/07\/Golf-Beach-Restaurant-Cafeteria-Pals-Promocions-2-pollastres-2-racions-patates-6-croquetes-Refresc-2-litres.jpg 700w, https:\/\/restaurantgolfbeach.com\/wp-content\/uploads\/2023\/07\/Golf-Beach-Restaurant-Cafeteria-Pals-Promocions-2-pollastres-2-racions-patates-6-croquetes-Refresc-2-litres-300x257.jpg 300w\" sizes=\"(max-width: 700px) 100vw, 700px\" \/>\t\t\t\t\t\t\t\t\t\t\t<figcaption class=\"widget-image-caption wp-caption-text\">Rostipack<br><span style=\"font-size: 14pt;line-height: 0.7em!important\">2 Pollos + 2 raciones patatas + 6 croquetas + Refresco 2L<\/span><br><span style=\"font-size: 22pt\">35,00\u20ac<\/span><\/figcaption>\n\t\t\t\t\t\t\t\t\t\t<\/figure>\n\t\t\t\t\t\t\t\t\t<\/div>\n\t\t\t\t<\/div>\n\t\t\t\t\t<\/div>\n\t\t<\/div>\n\t\t\t\t\t<\/div>\n\t\t<\/section>\n\t\t\t\t\t<\/div>\n\t\t<\/div>\n\t\t\t\t\t<\/div>\n\t\t<\/section>\n\t\t\t\t<section class=\"elementor-section elementor-top-section elementor-element elementor-element-94646b7 elementor-section-full_width elementor-section-height-default elementor-section-height-default\" data-id=\"94646b7\" data-element_type=\"section\" data-e-type=\"section\">\n\t\t\t\t\t\t<div class=\"elementor-container elementor-column-gap-no\">\n\t\t\t\t\t<div class=\"elementor-column elementor-col-100 elementor-top-column elementor-element elementor-element-cec9ece\" data-id=\"cec9ece\" data-element_type=\"column\" data-e-type=\"column\">\n\t\t\t<div class=\"elementor-widget-wrap elementor-element-populated\">\n\t\t\t\t\t\t<section class=\"elementor-section elementor-inner-section elementor-element elementor-element-ffe4166 elementor-section-boxed elementor-section-height-default elementor-section-height-default\" data-id=\"ffe4166\" data-element_type=\"section\" data-e-type=\"section\">\n\t\t\t\t\t\t<div class=\"elementor-container elementor-column-gap-default\">\n\t\t\t\t\t<div class=\"elementor-column elementor-col-33 elementor-inner-column elementor-element elementor-element-c08f7b9\" data-id=\"c08f7b9\" data-element_type=\"column\" data-e-type=\"column\">\n\t\t\t<div class=\"elementor-widget-wrap elementor-element-populated\">\n\t\t\t\t\t\t<div class=\"elementor-element elementor-element-81a6c80 elementor-widget elementor-widget-image\" data-id=\"81a6c80\" data-element_type=\"widget\" data-e-type=\"widget\" data-widget_type=\"image.default\">\n\t\t\t\t<div class=\"elementor-widget-container\">\n\t\t\t\t\t\t\t\t\t\t\t\t<figure class=\"wp-caption\">\n\t\t\t\t\t\t\t\t\t\t<img loading=\"lazy\" decoding=\"async\" width=\"700\" height=\"600\" src=\"https:\/\/restaurantgolfbeach.com\/wp-content\/uploads\/2023\/07\/Golf-Beach-Restaurant-Cafeteria-Pals-Promocions-Pizza-Beguda.jpg\" class=\"attachment-full size-full wp-image-1807\" alt=\"Golf Beach - Restaurante &amp; Cafeter\u00eda - Pals - Promociones - Pizza + Bebida\" srcset=\"https:\/\/restaurantgolfbeach.com\/wp-content\/uploads\/2023\/07\/Golf-Beach-Restaurant-Cafeteria-Pals-Promocions-Pizza-Beguda.jpg 700w, https:\/\/restaurantgolfbeach.com\/wp-content\/uploads\/2023\/07\/Golf-Beach-Restaurant-Cafeteria-Pals-Promocions-Pizza-Beguda-300x257.jpg 300w\" sizes=\"(max-width: 700px) 100vw, 700px\" \/>\t\t\t\t\t\t\t\t\t\t\t<figcaption class=\"widget-image-caption wp-caption-text\">Pizza + Bebida<br><h2>11,25\u20ac<\/h2><\/figcaption>\n\t\t\t\t\t\t\t\t\t\t<\/figure>\n\t\t\t\t\t\t\t\t\t<\/div>\n\t\t\t\t<\/div>\n\t\t\t\t\t<\/div>\n\t\t<\/div>\n\t\t\t\t<div class=\"elementor-column elementor-col-33 elementor-inner-column elementor-element elementor-element-97ad9af\" data-id=\"97ad9af\" data-element_type=\"column\" data-e-type=\"column\">\n\t\t\t<div class=\"elementor-widget-wrap elementor-element-populated\">\n\t\t\t\t\t\t<div class=\"elementor-element elementor-element-017ce5b elementor-widget elementor-widget-image\" data-id=\"017ce5b\" data-element_type=\"widget\" data-e-type=\"widget\" data-widget_type=\"image.default\">\n\t\t\t\t<div class=\"elementor-widget-container\">\n\t\t\t\t\t\t\t\t\t\t\t\t<figure class=\"wp-caption\">\n\t\t\t\t\t\t\t\t\t\t<img loading=\"lazy\" decoding=\"async\" width=\"700\" height=\"600\" src=\"https:\/\/restaurantgolfbeach.com\/wp-content\/uploads\/2026\/04\/Golf-Beach-Restaurant-Cafeteria-Pals-Promocions-2-plats-Beguda-Take-away.jpg\" class=\"attachment-full size-full wp-image-2354\" alt=\"Golf Beach - Restaurant &amp; Cafeteria - Pals - Promocions - 2 plats + Beguda Take away\" srcset=\"https:\/\/restaurantgolfbeach.com\/wp-content\/uploads\/2026\/04\/Golf-Beach-Restaurant-Cafeteria-Pals-Promocions-2-plats-Beguda-Take-away.jpg 700w, https:\/\/restaurantgolfbeach.com\/wp-content\/uploads\/2026\/04\/Golf-Beach-Restaurant-Cafeteria-Pals-Promocions-2-plats-Beguda-Take-away-300x257.jpg 300w, https:\/\/restaurantgolfbeach.com\/wp-content\/uploads\/2026\/04\/Golf-Beach-Restaurant-Cafeteria-Pals-Promocions-2-plats-Beguda-Take-away-14x12.jpg 14w\" sizes=\"(max-width: 700px) 100vw, 700px\" \/>\t\t\t\t\t\t\t\t\t\t\t<figcaption class=\"widget-image-caption wp-caption-text\">2 Platos + Bebida<br><h2>12,00\u20ac<\/h2><\/figcaption>\n\t\t\t\t\t\t\t\t\t\t<\/figure>\n\t\t\t\t\t\t\t\t\t<\/div>\n\t\t\t\t<\/div>\n\t\t\t\t\t<\/div>\n\t\t<\/div>\n\t\t\t\t<div class=\"elementor-column elementor-col-33 elementor-inner-column elementor-element elementor-element-7661aea\" data-id=\"7661aea\" data-element_type=\"column\" data-e-type=\"column\">\n\t\t\t<div class=\"elementor-widget-wrap\">\n\t\t\t\t\t\t\t<\/div>\n\t\t<\/div>\n\t\t\t\t\t<\/div>\n\t\t<\/section>\n\t\t\t\t\t<\/div>\n\t\t<\/div>\n\t\t\t\t\t<\/div>\n\t\t<\/section>\n\t\t\t\t<\/div>","protected":false},"excerpt":{"rendered":"<p>Pollastre a l&#8217;ast+ Barra Gelat 17,50\u20ac Pollastre a l&#8217;ast + 1 Beguda a triar 16,95\u20ac Pollastre a l&#8217;ast + 1 Refresc 2L a triar 14,95\u20ac Paella(per enc\u00e0rrec)11,00\u20ac per raci\u00f3 Fideu\u00e0(per enc\u00e0rrec)11,00\u20ac per raci\u00f3 Rostipack2 Pollastres + 2 racions patates + 6 croquetes + Refresc 2L35,00\u20ac Pizza + Beguda 11,25\u20ac 2 Plats + Beguda 12,00\u20ac<\/p>","protected":false},"author":4,"featured_media":1228,"parent":0,"menu_order":0,"comment_status":"closed","ping_status":"closed","template":"templates\/page-fullwidth_template.php","meta":{"footnotes":""},"class_list":["post-579","page","type-page","status-publish","has-post-thumbnail","hentry"],"yoast_head":"<!-- This site is optimized with the Yoast SEO plugin v27.4 - https:\/\/yoast.com\/product\/yoast-seo-wordpress\/ -->\n<title>Promocions - Golf Beach | Restaurant &amp; Cafeteria<\/title>\n<meta name=\"robots\" content=\"index, follow, max-snippet:-1, max-image-preview:large, max-video-preview:-1\" \/>\n<link rel=\"canonical\" href=\"https:\/\/restaurantgolfbeach.com\/es\/promocions\/\" \/>\n<meta property=\"og:locale\" content=\"es_ES\" \/>\n<meta property=\"og:type\" content=\"article\" \/>\n<meta property=\"og:title\" content=\"Promocions - Golf Beach | Restaurant &amp; Cafeteria\" \/>\n<meta property=\"og:description\" content=\"Pollastre a l&#8217;ast+ Barra Gelat 17,50\u20ac Pollastre a l&#8217;ast + 1 Beguda a triar 16,95\u20ac Pollastre a l&#8217;ast + 1 Refresc 2L a triar 14,95\u20ac Paella(per enc\u00e0rrec)11,00\u20ac per raci\u00f3 Fideu\u00e0(per enc\u00e0rrec)11,00\u20ac per raci\u00f3 Rostipack2 Pollastres + 2 racions patates + 6 croquetes + Refresc 2L35,00\u20ac Pizza + Beguda 11,25\u20ac 2 Plats + Beguda 12,00\u20ac\" \/>\n<meta property=\"og:url\" content=\"https:\/\/restaurantgolfbeach.com\/es\/promocions\/\" \/>\n<meta property=\"og:site_name\" content=\"Golf Beach | Restaurant &amp; Cafeteria\" \/>\n<meta property=\"article:modified_time\" content=\"2026-04-08T12:52:20+00:00\" \/>\n<meta property=\"og:image\" content=\"https:\/\/restaurantgolfbeach.com\/wp-content\/uploads\/2023\/06\/Golf-Beach-Restaurant-Pals-Promocions-Header.jpg\" \/>\n\t<meta property=\"og:image:width\" content=\"1400\" \/>\n\t<meta property=\"og:image:height\" content=\"340\" \/>\n\t<meta property=\"og:image:type\" content=\"image\/jpeg\" \/>\n<meta name=\"twitter:card\" content=\"summary_large_image\" \/>\n<meta name=\"twitter:label1\" content=\"Tiempo de lectura\" \/>\n\t<meta name=\"twitter:data1\" content=\"2 minutos\" \/>\n<script type=\"application\/ld+json\" class=\"yoast-schema-graph\">{\"@context\":\"https:\\\/\\\/schema.org\",\"@graph\":[{\"@type\":\"WebPage\",\"@id\":\"https:\\\/\\\/restaurantgolfbeach.com\\\/promocions\\\/\",\"url\":\"https:\\\/\\\/restaurantgolfbeach.com\\\/promocions\\\/\",\"name\":\"Promocions - Golf Beach | Restaurant &amp; Cafeteria\",\"isPartOf\":{\"@id\":\"https:\\\/\\\/restaurantgolfbeach.com\\\/#website\"},\"primaryImageOfPage\":{\"@id\":\"https:\\\/\\\/restaurantgolfbeach.com\\\/promocions\\\/#primaryimage\"},\"image\":{\"@id\":\"https:\\\/\\\/restaurantgolfbeach.com\\\/promocions\\\/#primaryimage\"},\"thumbnailUrl\":\"https:\\\/\\\/restaurantgolfbeach.com\\\/wp-content\\\/uploads\\\/2023\\\/06\\\/Golf-Beach-Restaurant-Pals-Promocions-Header.jpg\",\"datePublished\":\"2023-05-25T19:23:22+00:00\",\"dateModified\":\"2026-04-08T12:52:20+00:00\",\"breadcrumb\":{\"@id\":\"https:\\\/\\\/restaurantgolfbeach.com\\\/promocions\\\/#breadcrumb\"},\"inLanguage\":\"es\",\"potentialAction\":[{\"@type\":\"ReadAction\",\"target\":[\"https:\\\/\\\/restaurantgolfbeach.com\\\/promocions\\\/\"]}]},{\"@type\":\"ImageObject\",\"inLanguage\":\"es\",\"@id\":\"https:\\\/\\\/restaurantgolfbeach.com\\\/promocions\\\/#primaryimage\",\"url\":\"https:\\\/\\\/restaurantgolfbeach.com\\\/wp-content\\\/uploads\\\/2023\\\/06\\\/Golf-Beach-Restaurant-Pals-Promocions-Header.jpg\",\"contentUrl\":\"https:\\\/\\\/restaurantgolfbeach.com\\\/wp-content\\\/uploads\\\/2023\\\/06\\\/Golf-Beach-Restaurant-Pals-Promocions-Header.jpg\",\"width\":1400,\"height\":340,\"caption\":\"Golf Beach Restaurant - Pals - Promocions\"},{\"@type\":\"BreadcrumbList\",\"@id\":\"https:\\\/\\\/restaurantgolfbeach.com\\\/promocions\\\/#breadcrumb\",\"itemListElement\":[{\"@type\":\"ListItem\",\"position\":1,\"name\":\"Home\",\"item\":\"https:\\\/\\\/restaurantgolfbeach.com\\\/\"},{\"@type\":\"ListItem\",\"position\":2,\"name\":\"Promocions\"}]},{\"@type\":\"WebSite\",\"@id\":\"https:\\\/\\\/restaurantgolfbeach.com\\\/#website\",\"url\":\"https:\\\/\\\/restaurantgolfbeach.com\\\/\",\"name\":\"Golf Beach | Restaurant &amp; Cafeteria\",\"description\":\"Tradici\u00f3 i reinterpretaci\u00f3\",\"potentialAction\":[{\"@type\":\"SearchAction\",\"target\":{\"@type\":\"EntryPoint\",\"urlTemplate\":\"https:\\\/\\\/restaurantgolfbeach.com\\\/?s={search_term_string}\"},\"query-input\":{\"@type\":\"PropertyValueSpecification\",\"valueRequired\":true,\"valueName\":\"search_term_string\"}}],\"inLanguage\":\"es\"}]}<\/script>\n<!-- \/ Yoast SEO plugin. -->","yoast_head_json":{"title":"Promocions - Golf Beach | Restaurant &amp; Cafeteria","robots":{"index":"index","follow":"follow","max-snippet":"max-snippet:-1","max-image-preview":"max-image-preview:large","max-video-preview":"max-video-preview:-1"},"canonical":"https:\/\/restaurantgolfbeach.com\/es\/promocions\/","og_locale":"es_ES","og_type":"article","og_title":"Promocions - Golf Beach | Restaurant &amp; Cafeteria","og_description":"Pollastre a l&#8217;ast+ Barra Gelat 17,50\u20ac Pollastre a l&#8217;ast + 1 Beguda a triar 16,95\u20ac Pollastre a l&#8217;ast + 1 Refresc 2L a triar 14,95\u20ac Paella(per enc\u00e0rrec)11,00\u20ac per raci\u00f3 Fideu\u00e0(per enc\u00e0rrec)11,00\u20ac per raci\u00f3 Rostipack2 Pollastres + 2 racions patates + 6 croquetes + Refresc 2L35,00\u20ac Pizza + Beguda 11,25\u20ac 2 Plats + Beguda 12,00\u20ac","og_url":"https:\/\/restaurantgolfbeach.com\/es\/promocions\/","og_site_name":"Golf Beach | Restaurant &amp; Cafeteria","article_modified_time":"2026-04-08T12:52:20+00:00","og_image":[{"width":1400,"height":340,"url":"https:\/\/restaurantgolfbeach.com\/wp-content\/uploads\/2023\/06\/Golf-Beach-Restaurant-Pals-Promocions-Header.jpg","type":"image\/jpeg"}],"twitter_card":"summary_large_image","twitter_misc":{"Tiempo de lectura":"2 minutos"},"schema":{"@context":"https:\/\/schema.org","@graph":[{"@type":"WebPage","@id":"https:\/\/restaurantgolfbeach.com\/promocions\/","url":"https:\/\/restaurantgolfbeach.com\/promocions\/","name":"Promocions - Golf Beach | Restaurant &amp; Cafeteria","isPartOf":{"@id":"https:\/\/restaurantgolfbeach.com\/#website"},"primaryImageOfPage":{"@id":"https:\/\/restaurantgolfbeach.com\/promocions\/#primaryimage"},"image":{"@id":"https:\/\/restaurantgolfbeach.com\/promocions\/#primaryimage"},"thumbnailUrl":"https:\/\/restaurantgolfbeach.com\/wp-content\/uploads\/2023\/06\/Golf-Beach-Restaurant-Pals-Promocions-Header.jpg","datePublished":"2023-05-25T19:23:22+00:00","dateModified":"2026-04-08T12:52:20+00:00","breadcrumb":{"@id":"https:\/\/restaurantgolfbeach.com\/promocions\/#breadcrumb"},"inLanguage":"es","potentialAction":[{"@type":"ReadAction","target":["https:\/\/restaurantgolfbeach.com\/promocions\/"]}]},{"@type":"ImageObject","inLanguage":"es","@id":"https:\/\/restaurantgolfbeach.com\/promocions\/#primaryimage","url":"https:\/\/restaurantgolfbeach.com\/wp-content\/uploads\/2023\/06\/Golf-Beach-Restaurant-Pals-Promocions-Header.jpg","contentUrl":"https:\/\/restaurantgolfbeach.com\/wp-content\/uploads\/2023\/06\/Golf-Beach-Restaurant-Pals-Promocions-Header.jpg","width":1400,"height":340,"caption":"Golf Beach Restaurant - Pals - Promocions"},{"@type":"BreadcrumbList","@id":"https:\/\/restaurantgolfbeach.com\/promocions\/#breadcrumb","itemListElement":[{"@type":"ListItem","position":1,"name":"Home","item":"https:\/\/restaurantgolfbeach.com\/"},{"@type":"ListItem","position":2,"name":"Promocions"}]},{"@type":"WebSite","@id":"https:\/\/restaurantgolfbeach.com\/#website","url":"https:\/\/restaurantgolfbeach.com\/","name":"Golf Beach | Restaurant &amp; Cafeteria","description":"Tradici\u00f3 i reinterpretaci\u00f3","potentialAction":[{"@type":"SearchAction","target":{"@type":"EntryPoint","urlTemplate":"https:\/\/restaurantgolfbeach.com\/?s={search_term_string}"},"query-input":{"@type":"PropertyValueSpecification","valueRequired":true,"valueName":"search_term_string"}}],"inLanguage":"es"}]}},"_links":{"self":[{"href":"https:\/\/restaurantgolfbeach.com\/es\/wp-json\/wp\/v2\/pages\/579","targetHints":{"allow":["GET"]}}],"collection":[{"href":"https:\/\/restaurantgolfbeach.com\/es\/wp-json\/wp\/v2\/pages"}],"about":[{"href":"https:\/\/restaurantgolfbeach.com\/es\/wp-json\/wp\/v2\/types\/page"}],"author":[{"embeddable":true,"href":"https:\/\/restaurantgolfbeach.com\/es\/wp-json\/wp\/v2\/users\/4"}],"replies":[{"embeddable":true,"href":"https:\/\/restaurantgolfbeach.com\/es\/wp-json\/wp\/v2\/comments?post=579"}],"version-history":[{"count":33,"href":"https:\/\/restaurantgolfbeach.com\/es\/wp-json\/wp\/v2\/pages\/579\/revisions"}],"predecessor-version":[{"id":2357,"href":"https:\/\/restaurantgolfbeach.com\/es\/wp-json\/wp\/v2\/pages\/579\/revisions\/2357"}],"wp:featuredmedia":[{"embeddable":true,"href":"https:\/\/restaurantgolfbeach.com\/es\/wp-json\/wp\/v2\/media\/1228"}],"wp:attachment":[{"href":"https:\/\/restaurantgolfbeach.com\/es\/wp-json\/wp\/v2\/media?parent=579"}],"curies":[{"name":"wp","href":"https:\/\/api.w.org\/{rel}","templated":true}]}}