{"id":603,"date":"2023-06-15T12:07:41","date_gmt":"2023-06-15T10:07:41","guid":{"rendered":"https:\/\/restaurantgolfbeach.com\/?page_id=603"},"modified":"2026-03-06T14:03:21","modified_gmt":"2026-03-06T13:03:21","slug":"avis-legal","status":"publish","type":"page","link":"https:\/\/restaurantgolfbeach.com\/es\/avis-legal\/","title":{"rendered":"Aviso legal"},"content":{"rendered":"<h4>Informaci\u00f3n de Conformidad con el art\u00edculo 10 de la LSSI<\/h4>\n<h3>El titular de esta web es:<\/h3>\n<p>Identidad: <strong>Mirela Panica<\/strong><br \/>\nNIF: <strong>X7066712P<\/strong><br \/>\nDirecci\u00f3n: <strong>Avinguda Mediterr\u00e0nia, 344. 17256 Pals (Girona)<br \/>\n<\/strong>Tel\u00e9fono: <strong>972 636 927<\/strong><br \/>\nCorreo electr\u00f3nico<strong>:<\/strong> <a href=\"mailto:info@restaurantgolfbeach.com\"><strong>info@restaurantgolfbeach.com<\/strong><\/a><\/p>\n<h3>Condiciones de uso<\/h3>\n<p style=\"text-align: justify;\">El uso de esta web implica la plena aceptaci\u00f3n de los t\u00e9rminos y condiciones del presente aviso legal. Los posibles conflictos relativos a este sitio web se regir\u00e1n exclusivamente por el derecho del Estado espa\u00f1ol. Toda persona usuaria de la web, independientemente de la jurisdicci\u00f3n territorial desde la que se produzca su acceso, acepta el cumplimiento y respeto de estas cl\u00e1usulas con renuncia expresa a cualquier otro fuero que pudiera corresponderle.<\/p>\n<h3>Propiedad intelectual e industrial<\/h3>\n<p style=\"text-align: justify;\" class=\"translation-block\">La totalidad del contenido de este sitio web, ya sean textos, im\u00e1genes, sonidos, marcas, logotipos u otros elementos, as\u00ed como subestructura, dise\u00f1o, combinaciones de colores o forma de presentaci\u00f3n de los materiales, est\u00e1n protegidos por derechos de propiedad industrial e intelectual que el usuario de este sitio web debe respetar. No es l\u00edcita su transformaci\u00f3n o alteraci\u00f3n, comunicaci\u00f3n p\u00fablica o cualquier otra forma de explotaci\u00f3n por cualquier procedimiento sin la autorizaci\u00f3n expresa de <strong>Mirela Panica<\/strong>.<\/p>\n<h3>Responsabilidad sobre los contenidos<\/h3>\n<p style=\"text-align: justify;\" class=\"translation-block\">Aunque\u00a0<strong>Mirela Panica<\/strong> act\u00faa con la m\u00e1xima diligencia posible, puede darse el caso de que alg\u00fan dato o informaci\u00f3n no est\u00e9 del todo actualizado en el momento que el usuario del sitio web lo consulte. Por eso, las informaciones que se presentan en esta web tienen una funci\u00f3n orientativa y no obligan a <strong>Mirela Panica<\/strong>.<\/p>\n<p style=\"text-align: justify;\" class=\"translation-block\"><strong>Mirela Panica<\/strong>\u00a0no ser\u00e1 responsable de la informaci\u00f3n que se pueda obtener a trav\u00e9s de enlaces incluidos en su web.<\/p>\n<p style=\"text-align: justify;\" class=\"translation-block\"><strong>Mirela Panica<\/strong>\u00a0se reserva la facultad de realizar, en cualquier momento y sin necesidad de preaviso, modificaciones o actualizaciones de la informaci\u00f3n y de cualquiera de los elementos que integren el dise\u00f1o y configuraci\u00f3n de la p\u00e1gina web.<\/p>\n<h3>Ley aplicable y jurisdicci\u00f3n<\/h3>\n<p style=\"text-align: justify;\">El uso de este sitio web implica la plena aceptaci\u00f3n de los t\u00e9rminos y condiciones en el presente aviso legal. Los posibles conflictos relativos a este sitio web se regir\u00e1n exclusivamente por la legislaci\u00f3n espa\u00f1ola, siendo competentes los Juzgados y Tribunales espa\u00f1oles para conocer cualquier cuesti\u00f3n que se suscite sobre ella. El usuario, en virtud de su aceptaci\u00f3n renuncia expresamente a cualquier fuero que por aplicaci\u00f3n de la Ley de Enjuiciamiento Civil vigente le pudiera corresponder.<\/p>","protected":false},"excerpt":{"rendered":"<p>Informaci\u00f3 de Conformitat amb l&#8217;article 10 de la LSSI El titular d&#8217;aquesta web \u00e9s: Identitat: Mirela Panica NIF: X7066712P Adre\u00e7a: Avinguda Mediterr\u00e0nia, 344. 17256 Pals (Girona) Tel\u00e8fon: 972 636 927 Correu electr\u00f2nic: info@restaurantgolfbeach.com Condicions d&#8217;\u00fas L&#8217;\u00fas d&#8217;aquest web implica l&#8217;acceptaci\u00f3 plena dels termes i condicions del present av\u00eds legal. Els possibles conflictes relatius a aquest<br \/><a class=\"moretag\" href=\"https:\/\/restaurantgolfbeach.com\/es\/avis-legal\/\">+ Read More<\/a><\/p>","protected":false},"author":4,"featured_media":1218,"parent":0,"menu_order":0,"comment_status":"closed","ping_status":"closed","template":"templates\/page-fullwidth_template.php","meta":{"footnotes":""},"class_list":["post-603","page","type-page","status-publish","has-post-thumbnail","hentry"],"yoast_head":"<!-- This site is optimized with the Yoast SEO plugin v27.3 - https:\/\/yoast.com\/product\/yoast-seo-wordpress\/ -->\n<title>Av\u00eds legal - Golf Beach | Restaurant &amp; Cafeteria<\/title>\n<meta name=\"robots\" content=\"index, follow, max-snippet:-1, max-image-preview:large, max-video-preview:-1\" \/>\n<link rel=\"canonical\" href=\"https:\/\/restaurantgolfbeach.com\/es\/avis-legal\/\" \/>\n<meta property=\"og:locale\" content=\"es_ES\" \/>\n<meta property=\"og:type\" content=\"article\" \/>\n<meta property=\"og:title\" content=\"Av\u00eds legal - Golf Beach | Restaurant &amp; Cafeteria\" \/>\n<meta property=\"og:description\" content=\"Informaci\u00f3 de Conformitat amb l&#8217;article 10 de la LSSI El titular d&#8217;aquesta web \u00e9s: Identitat: Mirela Panica NIF: X7066712P Adre\u00e7a: Avinguda Mediterr\u00e0nia, 344. 17256 Pals (Girona) Tel\u00e8fon: 972 636 927 Correu electr\u00f2nic: info@restaurantgolfbeach.com Condicions d&#8217;\u00fas L&#8217;\u00fas d&#8217;aquest web implica l&#8217;acceptaci\u00f3 plena dels termes i condicions del present av\u00eds legal. Els possibles conflictes relatius a aquest+ Read More\" \/>\n<meta property=\"og:url\" content=\"https:\/\/restaurantgolfbeach.com\/es\/avis-legal\/\" \/>\n<meta property=\"og:site_name\" content=\"Golf Beach | Restaurant &amp; Cafeteria\" \/>\n<meta property=\"article:modified_time\" content=\"2026-03-06T13:03:21+00:00\" \/>\n<meta property=\"og:image\" content=\"https:\/\/restaurantgolfbeach.com\/wp-content\/uploads\/2023\/06\/Golf-Beach-Restaurant-Pals-Textos-legals-Header.jpg\" \/>\n\t<meta property=\"og:image:width\" content=\"1400\" \/>\n\t<meta property=\"og:image:height\" content=\"340\" \/>\n\t<meta property=\"og:image:type\" content=\"image\/jpeg\" \/>\n<meta name=\"twitter:card\" content=\"summary_large_image\" \/>\n<meta name=\"twitter:label1\" content=\"Tiempo de lectura\" \/>\n\t<meta name=\"twitter:data1\" content=\"5 minutos\" \/>\n<script type=\"application\/ld+json\" class=\"yoast-schema-graph\">{\"@context\":\"https:\\\/\\\/schema.org\",\"@graph\":[{\"@type\":\"WebPage\",\"@id\":\"https:\\\/\\\/restaurantgolfbeach.com\\\/avis-legal\\\/\",\"url\":\"https:\\\/\\\/restaurantgolfbeach.com\\\/avis-legal\\\/\",\"name\":\"Av\u00eds legal - Golf Beach | Restaurant &amp; Cafeteria\",\"isPartOf\":{\"@id\":\"https:\\\/\\\/restaurantgolfbeach.com\\\/#website\"},\"primaryImageOfPage\":{\"@id\":\"https:\\\/\\\/restaurantgolfbeach.com\\\/avis-legal\\\/#primaryimage\"},\"image\":{\"@id\":\"https:\\\/\\\/restaurantgolfbeach.com\\\/avis-legal\\\/#primaryimage\"},\"thumbnailUrl\":\"https:\\\/\\\/restaurantgolfbeach.com\\\/wp-content\\\/uploads\\\/2023\\\/06\\\/Golf-Beach-Restaurant-Pals-Textos-legals-Header.jpg\",\"datePublished\":\"2023-06-15T10:07:41+00:00\",\"dateModified\":\"2026-03-06T13:03:21+00:00\",\"breadcrumb\":{\"@id\":\"https:\\\/\\\/restaurantgolfbeach.com\\\/avis-legal\\\/#breadcrumb\"},\"inLanguage\":\"es\",\"potentialAction\":[{\"@type\":\"ReadAction\",\"target\":[\"https:\\\/\\\/restaurantgolfbeach.com\\\/avis-legal\\\/\"]}]},{\"@type\":\"ImageObject\",\"inLanguage\":\"es\",\"@id\":\"https:\\\/\\\/restaurantgolfbeach.com\\\/avis-legal\\\/#primaryimage\",\"url\":\"https:\\\/\\\/restaurantgolfbeach.com\\\/wp-content\\\/uploads\\\/2023\\\/06\\\/Golf-Beach-Restaurant-Pals-Textos-legals-Header.jpg\",\"contentUrl\":\"https:\\\/\\\/restaurantgolfbeach.com\\\/wp-content\\\/uploads\\\/2023\\\/06\\\/Golf-Beach-Restaurant-Pals-Textos-legals-Header.jpg\",\"width\":1400,\"height\":340,\"caption\":\"Golf Beach Restaurant - Pals - Textos legals\"},{\"@type\":\"BreadcrumbList\",\"@id\":\"https:\\\/\\\/restaurantgolfbeach.com\\\/avis-legal\\\/#breadcrumb\",\"itemListElement\":[{\"@type\":\"ListItem\",\"position\":1,\"name\":\"Home\",\"item\":\"https:\\\/\\\/restaurantgolfbeach.com\\\/\"},{\"@type\":\"ListItem\",\"position\":2,\"name\":\"Av\u00eds legal\"}]},{\"@type\":\"WebSite\",\"@id\":\"https:\\\/\\\/restaurantgolfbeach.com\\\/#website\",\"url\":\"https:\\\/\\\/restaurantgolfbeach.com\\\/\",\"name\":\"Golf Beach | Restaurant &amp; Cafeteria\",\"description\":\"Tradici\u00f3 i reinterpretaci\u00f3\",\"potentialAction\":[{\"@type\":\"SearchAction\",\"target\":{\"@type\":\"EntryPoint\",\"urlTemplate\":\"https:\\\/\\\/restaurantgolfbeach.com\\\/?s={search_term_string}\"},\"query-input\":{\"@type\":\"PropertyValueSpecification\",\"valueRequired\":true,\"valueName\":\"search_term_string\"}}],\"inLanguage\":\"es\"}]}<\/script>\n<!-- \/ Yoast SEO plugin. -->","yoast_head_json":{"title":"Av\u00eds legal - Golf Beach | Restaurant &amp; Cafeteria","robots":{"index":"index","follow":"follow","max-snippet":"max-snippet:-1","max-image-preview":"max-image-preview:large","max-video-preview":"max-video-preview:-1"},"canonical":"https:\/\/restaurantgolfbeach.com\/es\/avis-legal\/","og_locale":"es_ES","og_type":"article","og_title":"Av\u00eds legal - Golf Beach | Restaurant &amp; Cafeteria","og_description":"Informaci\u00f3 de Conformitat amb l&#8217;article 10 de la LSSI El titular d&#8217;aquesta web \u00e9s: Identitat: Mirela Panica NIF: X7066712P Adre\u00e7a: Avinguda Mediterr\u00e0nia, 344. 17256 Pals (Girona) Tel\u00e8fon: 972 636 927 Correu electr\u00f2nic: info@restaurantgolfbeach.com Condicions d&#8217;\u00fas L&#8217;\u00fas d&#8217;aquest web implica l&#8217;acceptaci\u00f3 plena dels termes i condicions del present av\u00eds legal. Els possibles conflictes relatius a aquest+ Read More","og_url":"https:\/\/restaurantgolfbeach.com\/es\/avis-legal\/","og_site_name":"Golf Beach | Restaurant &amp; Cafeteria","article_modified_time":"2026-03-06T13:03:21+00:00","og_image":[{"width":1400,"height":340,"url":"https:\/\/restaurantgolfbeach.com\/wp-content\/uploads\/2023\/06\/Golf-Beach-Restaurant-Pals-Textos-legals-Header.jpg","type":"image\/jpeg"}],"twitter_card":"summary_large_image","twitter_misc":{"Tiempo de lectura":"5 minutos"},"schema":{"@context":"https:\/\/schema.org","@graph":[{"@type":"WebPage","@id":"https:\/\/restaurantgolfbeach.com\/avis-legal\/","url":"https:\/\/restaurantgolfbeach.com\/avis-legal\/","name":"Av\u00eds legal - Golf Beach | Restaurant &amp; Cafeteria","isPartOf":{"@id":"https:\/\/restaurantgolfbeach.com\/#website"},"primaryImageOfPage":{"@id":"https:\/\/restaurantgolfbeach.com\/avis-legal\/#primaryimage"},"image":{"@id":"https:\/\/restaurantgolfbeach.com\/avis-legal\/#primaryimage"},"thumbnailUrl":"https:\/\/restaurantgolfbeach.com\/wp-content\/uploads\/2023\/06\/Golf-Beach-Restaurant-Pals-Textos-legals-Header.jpg","datePublished":"2023-06-15T10:07:41+00:00","dateModified":"2026-03-06T13:03:21+00:00","breadcrumb":{"@id":"https:\/\/restaurantgolfbeach.com\/avis-legal\/#breadcrumb"},"inLanguage":"es","potentialAction":[{"@type":"ReadAction","target":["https:\/\/restaurantgolfbeach.com\/avis-legal\/"]}]},{"@type":"ImageObject","inLanguage":"es","@id":"https:\/\/restaurantgolfbeach.com\/avis-legal\/#primaryimage","url":"https:\/\/restaurantgolfbeach.com\/wp-content\/uploads\/2023\/06\/Golf-Beach-Restaurant-Pals-Textos-legals-Header.jpg","contentUrl":"https:\/\/restaurantgolfbeach.com\/wp-content\/uploads\/2023\/06\/Golf-Beach-Restaurant-Pals-Textos-legals-Header.jpg","width":1400,"height":340,"caption":"Golf Beach Restaurant - Pals - Textos legals"},{"@type":"BreadcrumbList","@id":"https:\/\/restaurantgolfbeach.com\/avis-legal\/#breadcrumb","itemListElement":[{"@type":"ListItem","position":1,"name":"Home","item":"https:\/\/restaurantgolfbeach.com\/"},{"@type":"ListItem","position":2,"name":"Av\u00eds legal"}]},{"@type":"WebSite","@id":"https:\/\/restaurantgolfbeach.com\/#website","url":"https:\/\/restaurantgolfbeach.com\/","name":"Golf Beach | Restaurant &amp; Cafeteria","description":"Tradici\u00f3 i reinterpretaci\u00f3","potentialAction":[{"@type":"SearchAction","target":{"@type":"EntryPoint","urlTemplate":"https:\/\/restaurantgolfbeach.com\/?s={search_term_string}"},"query-input":{"@type":"PropertyValueSpecification","valueRequired":true,"valueName":"search_term_string"}}],"inLanguage":"es"}]}},"_links":{"self":[{"href":"https:\/\/restaurantgolfbeach.com\/es\/wp-json\/wp\/v2\/pages\/603","targetHints":{"allow":["GET"]}}],"collection":[{"href":"https:\/\/restaurantgolfbeach.com\/es\/wp-json\/wp\/v2\/pages"}],"about":[{"href":"https:\/\/restaurantgolfbeach.com\/es\/wp-json\/wp\/v2\/types\/page"}],"author":[{"embeddable":true,"href":"https:\/\/restaurantgolfbeach.com\/es\/wp-json\/wp\/v2\/users\/4"}],"replies":[{"embeddable":true,"href":"https:\/\/restaurantgolfbeach.com\/es\/wp-json\/wp\/v2\/comments?post=603"}],"version-history":[{"count":0,"href":"https:\/\/restaurantgolfbeach.com\/es\/wp-json\/wp\/v2\/pages\/603\/revisions"}],"wp:featuredmedia":[{"embeddable":true,"href":"https:\/\/restaurantgolfbeach.com\/es\/wp-json\/wp\/v2\/media\/1218"}],"wp:attachment":[{"href":"https:\/\/restaurantgolfbeach.com\/es\/wp-json\/wp\/v2\/media?parent=603"}],"curies":[{"name":"wp","href":"https:\/\/api.w.org\/{rel}","templated":true}]}}